{"id":122,"date":"2024-05-07T15:32:23","date_gmt":"2024-05-07T13:32:23","guid":{"rendered":"https:\/\/ameria-82.fr\/?page_id=122"},"modified":"2024-05-31T10:52:19","modified_gmt":"2024-05-31T08:52:19","slug":"cafeteria","status":"publish","type":"page","link":"https:\/\/ameria-82.fr\/?page_id=122","title":{"rendered":"Caf\u00e9t\u00e9ria"},"content":{"rendered":"\n<h2 class=\"wp-block-heading has-text-align-center has-x-large-font-size\">CAFETERIA<\/h2>\n\n\n\n<div class=\"wp-block-group\"><div class=\"wp-block-group__inner-container is-layout-constrained wp-block-group-is-layout-constrained\">\n<p class=\"has-text-align-center\">Nous proposons un large choix de plats \u00e9labor\u00e9s \u00ab\u00a0maison\u00a0\u00bb \u00e0 partir de produits frais de qualit\u00e9. <\/p>\n\n\n\n<p class=\"has-text-align-center\">Par engagement r\u00e9ciproque, nous pouvons devenir votre restaurant d&rsquo;entreprise.<\/p>\n\n\n\n<p class=\"has-text-align-center\"><strong>Ouvert \u00e0 tous : le midi du lundi au vendredi de 11h45 \u00e0 14h00<\/strong><\/p>\n\n\n\n<p class=\"has-text-align-center\">L&rsquo;\u00e9ventail de nos formules permet \u00e0 chacun de choisir la prestation la plus adapt\u00e9e \u00e0 ses attentes et \u00e0 ses possibilit\u00e9s budg\u00e9taires.<\/p>\n<\/div><\/div>\n\n\n\n<div class=\"wp-block-group is-nowrap is-layout-flex wp-container-core-group-is-layout-ad2f72ca wp-block-group-is-layout-flex\">\n<figure class=\"wp-block-image size-large is-resized\"><img loading=\"lazy\" decoding=\"async\" width=\"1024\" height=\"768\" src=\"https:\/\/ameria-82.fr\/wp-content\/uploads\/2024\/05\/20240522_134052-1024x768.jpg\" alt=\"\" class=\"wp-image-275\" style=\"width:567px;height:auto\" srcset=\"https:\/\/ameria-82.fr\/wp-content\/uploads\/2024\/05\/20240522_134052-1024x768.jpg 1024w, https:\/\/ameria-82.fr\/wp-content\/uploads\/2024\/05\/20240522_134052-300x225.jpg 300w, https:\/\/ameria-82.fr\/wp-content\/uploads\/2024\/05\/20240522_134052-768x576.jpg 768w, https:\/\/ameria-82.fr\/wp-content\/uploads\/2024\/05\/20240522_134052-1536x1152.jpg 1536w, https:\/\/ameria-82.fr\/wp-content\/uploads\/2024\/05\/20240522_134052-2048x1536.jpg 2048w, https:\/\/ameria-82.fr\/wp-content\/uploads\/2024\/05\/20240522_134052-600x450.jpg 600w\" sizes=\"auto, (max-width: 1024px) 100vw, 1024px\" \/><\/figure>\n\n\n\n<div style=\"height:100px;width:0px\" aria-hidden=\"true\" class=\"wp-block-spacer wp-container-content-9760934e\"><\/div>\n\n\n\n<div style=\"height:100px;width:120px\" aria-hidden=\"true\" class=\"wp-block-spacer wp-container-content-3b250452\"><\/div>\n\n\n\n<figure class=\"wp-block-image size-large is-resized\"><img loading=\"lazy\" decoding=\"async\" width=\"768\" height=\"1024\" src=\"https:\/\/ameria-82.fr\/wp-content\/uploads\/2024\/05\/20240527_115906-768x1024.jpg\" alt=\"\" class=\"wp-image-276\" style=\"width:319px;height:auto\" srcset=\"https:\/\/ameria-82.fr\/wp-content\/uploads\/2024\/05\/20240527_115906-768x1024.jpg 768w, https:\/\/ameria-82.fr\/wp-content\/uploads\/2024\/05\/20240527_115906-225x300.jpg 225w, https:\/\/ameria-82.fr\/wp-content\/uploads\/2024\/05\/20240527_115906-1152x1536.jpg 1152w, https:\/\/ameria-82.fr\/wp-content\/uploads\/2024\/05\/20240527_115906-1536x2048.jpg 1536w, https:\/\/ameria-82.fr\/wp-content\/uploads\/2024\/05\/20240527_115906-600x800.jpg 600w, https:\/\/ameria-82.fr\/wp-content\/uploads\/2024\/05\/20240527_115906-scaled.jpg 1920w\" sizes=\"auto, (max-width: 768px) 100vw, 768px\" \/><\/figure>\n<\/div>\n\n\n\n<div style=\"height:54px\" aria-hidden=\"true\" class=\"wp-block-spacer\"><\/div>\n\n\n\n<div class=\"wp-block-group alignwide is-content-justification-center is-nowrap is-layout-flex wp-container-core-group-is-layout-94bc23d7 wp-block-group-is-layout-flex\">\n<figure class=\"wp-block-image size-full is-resized\"><img loading=\"lazy\" decoding=\"async\" width=\"680\" height=\"453\" src=\"https:\/\/ameria-82.fr\/wp-content\/uploads\/2024\/05\/cafet_interieur-1.jpg\" alt=\"\" class=\"wp-image-160\" style=\"width:549px;height:auto\" srcset=\"https:\/\/ameria-82.fr\/wp-content\/uploads\/2024\/05\/cafet_interieur-1.jpg 680w, https:\/\/ameria-82.fr\/wp-content\/uploads\/2024\/05\/cafet_interieur-1-300x200.jpg 300w, https:\/\/ameria-82.fr\/wp-content\/uploads\/2024\/05\/cafet_interieur-1-600x400.jpg 600w\" sizes=\"auto, (max-width: 680px) 100vw, 680px\" \/><\/figure>\n\n\n\n<div style=\"height:100px;width:0px\" aria-hidden=\"true\" class=\"wp-block-spacer wp-container-content-9760934e\"><\/div>\n\n\n\n<figure class=\"wp-block-image size-full is-resized\"><img loading=\"lazy\" decoding=\"async\" width=\"680\" height=\"453\" src=\"https:\/\/ameria-82.fr\/wp-content\/uploads\/2024\/05\/cafet-2.jpg\" alt=\"\" class=\"wp-image-161\" style=\"width:549px;height:auto\" srcset=\"https:\/\/ameria-82.fr\/wp-content\/uploads\/2024\/05\/cafet-2.jpg 680w, https:\/\/ameria-82.fr\/wp-content\/uploads\/2024\/05\/cafet-2-300x200.jpg 300w, https:\/\/ameria-82.fr\/wp-content\/uploads\/2024\/05\/cafet-2-600x400.jpg 600w\" sizes=\"auto, (max-width: 680px) 100vw, 680px\" \/><\/figure>\n<\/div>\n\n\n\n<div style=\"height:61px\" aria-hidden=\"true\" class=\"wp-block-spacer\"><\/div>\n\n\n\n<div class=\"wp-block-group\"><div class=\"wp-block-group__inner-container is-layout-constrained wp-block-group-is-layout-constrained\">\n<p class=\"has-text-align-center\">Pour un passage plus rapide \u00e0 la caf\u00e9t\u00e9ria, pr\u00e9f\u00e9rez les horaires suivantes :<\/p>\n\n\n\n<p class=\"has-text-align-center\"><strong>11h30 &#8211; 12h15 \/ 13h &#8211; 14h<\/strong><\/p>\n<\/div><\/div>\n","protected":false},"excerpt":{"rendered":"<p>CAFETERIA Nous proposons un large choix de plats \u00e9labor\u00e9s \u00ab\u00a0maison\u00a0\u00bb \u00e0 partir de produits frais de qualit\u00e9. Par engagement r\u00e9ciproque, nous pouvons devenir votre restaurant d&rsquo;entreprise. Ouvert \u00e0 tous : le midi du lundi au vendredi de 11h45 \u00e0 14h00&#8230; <\/p>\n<div class=\"readmore-section\"><a class=\"readmore-btn\" href=\"https:\/\/ameria-82.fr\/?page_id=122\">Continue reading <i class=\"fa fa-arrow-right\"><\/i><\/a><\/div>\n","protected":false},"author":1,"featured_media":0,"parent":0,"menu_order":2,"comment_status":"closed","ping_status":"closed","template":"","meta":{"footnotes":""},"class_list":["post-122","page","type-page","status-publish","hentry"],"publishpress_future_action":{"enabled":false,"date":"2026-05-09 06:43:42","action":"change-status","newStatus":"draft","terms":[],"taxonomy":"","extraData":[]},"publishpress_future_workflow_manual_trigger":{"enabledWorkflows":[]},"_links":{"self":[{"href":"https:\/\/ameria-82.fr\/index.php?rest_route=\/wp\/v2\/pages\/122","targetHints":{"allow":["GET"]}}],"collection":[{"href":"https:\/\/ameria-82.fr\/index.php?rest_route=\/wp\/v2\/pages"}],"about":[{"href":"https:\/\/ameria-82.fr\/index.php?rest_route=\/wp\/v2\/types\/page"}],"author":[{"embeddable":true,"href":"https:\/\/ameria-82.fr\/index.php?rest_route=\/wp\/v2\/users\/1"}],"replies":[{"embeddable":true,"href":"https:\/\/ameria-82.fr\/index.php?rest_route=%2Fwp%2Fv2%2Fcomments&post=122"}],"version-history":[{"count":17,"href":"https:\/\/ameria-82.fr\/index.php?rest_route=\/wp\/v2\/pages\/122\/revisions"}],"predecessor-version":[{"id":292,"href":"https:\/\/ameria-82.fr\/index.php?rest_route=\/wp\/v2\/pages\/122\/revisions\/292"}],"wp:attachment":[{"href":"https:\/\/ameria-82.fr\/index.php?rest_route=%2Fwp%2Fv2%2Fmedia&parent=122"}],"curies":[{"name":"wp","href":"https:\/\/api.w.org\/{rel}","templated":true}]}}