{"id":116,"date":"2024-05-07T15:31:49","date_gmt":"2024-05-07T13:31:49","guid":{"rendered":"https:\/\/ameria-82.fr\/?page_id=116"},"modified":"2026-01-27T13:57:12","modified_gmt":"2026-01-27T12:57:12","slug":"location-de-salles","status":"publish","type":"page","link":"https:\/\/ameria-82.fr\/?page_id=116","title":{"rendered":"Location de salles"},"content":{"rendered":"\n<div class=\"wp-block-group\"><div class=\"wp-block-group__inner-container is-layout-constrained wp-block-group-is-layout-constrained\">\n<h2 class=\"wp-block-heading alignwide has-text-align-center has-x-large-font-size\">Location de salle et accueil des groupes<\/h2>\n\n\n\n<p class=\"has-text-align-center\">Nous vous proposons 9 salles de capacit\u00e9s diff\u00e9rentes pouvant accueillir jusqu&rsquo;\u00e0 130 personnes :<\/p>\n\n\n\n<p class=\"has-text-align-center\"><strong>Salles enti\u00e8rement \u00e9quip\u00e9es d&rsquo;une solution multim\u00e9dia sans fil permettant la diffusion sur grand \u00e9cran ainsi que la r\u00e9alisation de visio-conf\u00e9rences (cam\u00e9ra, son &amp; image). Connexions r\u00e9seaux wifi et filaire pr\u00e9sentes dans toutes les salles. Le site est raccord\u00e9 en fibre optique.<\/strong><\/p>\n<\/div><\/div>\n\n\n\n<div style=\"height:18px\" aria-hidden=\"true\" class=\"wp-block-spacer\"><\/div>\n\n\n\n<figure class=\"wp-block-gallery has-nested-images columns-default is-cropped wp-block-gallery-1 is-layout-flex wp-block-gallery-is-layout-flex\">\n<figure class=\"wp-block-image size-large\"><img loading=\"lazy\" decoding=\"async\" width=\"576\" height=\"1024\" data-id=\"855\" src=\"https:\/\/ameria-82.fr\/wp-content\/uploads\/2025\/01\/Melisse-1.jpg\" alt=\"\" class=\"wp-image-855\" srcset=\"https:\/\/ameria-82.fr\/wp-content\/uploads\/2025\/01\/Melisse-1.jpg 576w, https:\/\/ameria-82.fr\/wp-content\/uploads\/2025\/01\/Melisse-1-169x300.jpg 169w\" sizes=\"auto, (max-width: 576px) 100vw, 576px\" \/><\/figure>\n\n\n\n<figure class=\"wp-block-image size-large\"><img loading=\"lazy\" decoding=\"async\" width=\"765\" height=\"1020\" data-id=\"856\" src=\"https:\/\/ameria-82.fr\/wp-content\/uploads\/2025\/01\/Angelique-2-1.jpg\" alt=\"\" class=\"wp-image-856\" srcset=\"https:\/\/ameria-82.fr\/wp-content\/uploads\/2025\/01\/Angelique-2-1.jpg 765w, https:\/\/ameria-82.fr\/wp-content\/uploads\/2025\/01\/Angelique-2-1-225x300.jpg 225w, https:\/\/ameria-82.fr\/wp-content\/uploads\/2025\/01\/Angelique-2-1-600x800.jpg 600w\" sizes=\"auto, (max-width: 765px) 100vw, 765px\" \/><\/figure>\n<\/figure>\n\n\n\n<div class=\"wp-block-group alignwide is-content-justification-center is-nowrap is-layout-flex wp-container-core-group-is-layout-94bc23d7 wp-block-group-is-layout-flex\">\n<figure class=\"wp-block-image size-full is-resized\"><img loading=\"lazy\" decoding=\"async\" width=\"1024\" height=\"576\" src=\"https:\/\/ameria-82.fr\/wp-content\/uploads\/2025\/01\/image.jpeg\" alt=\"L\u2019attribut alt de cette image est vide, son nom de fichier est WhatsApp-Image-2025-01-16-a-11.05.02_247529e2-1024x576.jpg.\" class=\"wp-image-621\" style=\"width:533px;height:auto\" srcset=\"https:\/\/ameria-82.fr\/wp-content\/uploads\/2025\/01\/image.jpeg 1024w, https:\/\/ameria-82.fr\/wp-content\/uploads\/2025\/01\/image-300x169.jpeg 300w, https:\/\/ameria-82.fr\/wp-content\/uploads\/2025\/01\/image-768x432.jpeg 768w, https:\/\/ameria-82.fr\/wp-content\/uploads\/2025\/01\/image-600x338.jpeg 600w\" sizes=\"auto, (max-width: 1024px) 100vw, 1024px\" \/><\/figure>\n\n\n\n<figure class=\"wp-block-image size-large is-resized\"><img loading=\"lazy\" decoding=\"async\" width=\"1024\" height=\"576\" src=\"https:\/\/ameria-82.fr\/wp-content\/uploads\/2025\/01\/WhatsApp-Image-2025-01-16-a-11.05.03_d6bd60bb-1024x576.jpg\" alt=\"\" class=\"wp-image-620\" style=\"width:521px;height:auto\" srcset=\"https:\/\/ameria-82.fr\/wp-content\/uploads\/2025\/01\/WhatsApp-Image-2025-01-16-a-11.05.03_d6bd60bb-1024x576.jpg 1024w, https:\/\/ameria-82.fr\/wp-content\/uploads\/2025\/01\/WhatsApp-Image-2025-01-16-a-11.05.03_d6bd60bb-300x169.jpg 300w, https:\/\/ameria-82.fr\/wp-content\/uploads\/2025\/01\/WhatsApp-Image-2025-01-16-a-11.05.03_d6bd60bb-768x432.jpg 768w, https:\/\/ameria-82.fr\/wp-content\/uploads\/2025\/01\/WhatsApp-Image-2025-01-16-a-11.05.03_d6bd60bb-1536x864.jpg 1536w, https:\/\/ameria-82.fr\/wp-content\/uploads\/2025\/01\/WhatsApp-Image-2025-01-16-a-11.05.03_d6bd60bb-600x338.jpg 600w, https:\/\/ameria-82.fr\/wp-content\/uploads\/2025\/01\/WhatsApp-Image-2025-01-16-a-11.05.03_d6bd60bb.jpg 1966w\" sizes=\"auto, (max-width: 1024px) 100vw, 1024px\" \/><\/figure>\n\n\n\n<div style=\"height:100px;width:41px\" aria-hidden=\"true\" class=\"wp-block-spacer wp-container-content-29cb0303\"><\/div>\n\n\n\n<figure class=\"wp-block-image size-full is-resized\"><img loading=\"lazy\" decoding=\"async\" width=\"1920\" height=\"2560\" src=\"https:\/\/ameria-82.fr\/wp-content\/uploads\/2024\/05\/20240516_080357-scaled.jpg\" alt=\"\" class=\"wp-image-319\" style=\"width:382px;height:auto\" srcset=\"https:\/\/ameria-82.fr\/wp-content\/uploads\/2024\/05\/20240516_080357-scaled.jpg 1920w, https:\/\/ameria-82.fr\/wp-content\/uploads\/2024\/05\/20240516_080357-225x300.jpg 225w, https:\/\/ameria-82.fr\/wp-content\/uploads\/2024\/05\/20240516_080357-768x1024.jpg 768w, https:\/\/ameria-82.fr\/wp-content\/uploads\/2024\/05\/20240516_080357-1152x1536.jpg 1152w, https:\/\/ameria-82.fr\/wp-content\/uploads\/2024\/05\/20240516_080357-1536x2048.jpg 1536w, https:\/\/ameria-82.fr\/wp-content\/uploads\/2024\/05\/20240516_080357-600x800.jpg 600w\" sizes=\"auto, (max-width: 1920px) 100vw, 1920px\" \/><\/figure>\n<\/div>\n\n\n\n<div style=\"height:27px\" aria-hidden=\"true\" class=\"wp-block-spacer\"><\/div>\n\n\n\n<div class=\"wp-block-group\"><div class=\"wp-block-group__inner-container is-layout-constrained wp-block-group-is-layout-constrained\">\n<h2 class=\"wp-block-heading has-text-align-center has-large-font-size\">RESTAURANT<\/h2>\n\n\n\n<p class=\"has-text-align-center\">Nos salons privatifs sont \u00e0 votre disposition pour vos repas d&rsquo;affaires, vos repas personnels et familiaux.<\/p>\n\n\n\n<p class=\"has-text-align-center\">Nous pouvons vous proposer une prestation \u00ab\u00a0S\u00e9minaire\u00a0\u00bb comprenant la location de salle et la restauration.<\/p>\n<\/div><\/div>\n\n\n\n<figure class=\"wp-block-gallery has-nested-images columns-default is-cropped wp-block-gallery-2 is-layout-flex wp-block-gallery-is-layout-flex\">\n<figure class=\"wp-block-image size-large\"><img loading=\"lazy\" decoding=\"async\" width=\"431\" height=\"720\" data-id=\"858\" src=\"https:\/\/ameria-82.fr\/wp-content\/uploads\/2026\/01\/Edelweiss-3.jpg\" alt=\"\" class=\"wp-image-858\" srcset=\"https:\/\/ameria-82.fr\/wp-content\/uploads\/2026\/01\/Edelweiss-3.jpg 431w, https:\/\/ameria-82.fr\/wp-content\/uploads\/2026\/01\/Edelweiss-3-180x300.jpg 180w\" sizes=\"auto, (max-width: 431px) 100vw, 431px\" \/><\/figure>\n\n\n\n<figure class=\"wp-block-image size-large\"><img loading=\"lazy\" decoding=\"async\" width=\"768\" height=\"1024\" data-id=\"859\" src=\"https:\/\/ameria-82.fr\/wp-content\/uploads\/2026\/01\/Cocktail-dejeunatoire-768x1024.jpg\" alt=\"\" class=\"wp-image-859\" srcset=\"https:\/\/ameria-82.fr\/wp-content\/uploads\/2026\/01\/Cocktail-dejeunatoire-768x1024.jpg 768w, https:\/\/ameria-82.fr\/wp-content\/uploads\/2026\/01\/Cocktail-dejeunatoire-225x300.jpg 225w, https:\/\/ameria-82.fr\/wp-content\/uploads\/2026\/01\/Cocktail-dejeunatoire-1152x1536.jpg 1152w, https:\/\/ameria-82.fr\/wp-content\/uploads\/2026\/01\/Cocktail-dejeunatoire-600x800.jpg 600w, https:\/\/ameria-82.fr\/wp-content\/uploads\/2026\/01\/Cocktail-dejeunatoire.jpg 1200w\" sizes=\"auto, (max-width: 768px) 100vw, 768px\" \/><\/figure>\n\n\n\n<figure class=\"wp-block-image size-large\"><img loading=\"lazy\" decoding=\"async\" width=\"768\" height=\"1024\" data-id=\"860\" src=\"https:\/\/ameria-82.fr\/wp-content\/uploads\/2026\/01\/Salle-repas-Begonia-768x1024.jpg\" alt=\"\" class=\"wp-image-860\" srcset=\"https:\/\/ameria-82.fr\/wp-content\/uploads\/2026\/01\/Salle-repas-Begonia-768x1024.jpg 768w, https:\/\/ameria-82.fr\/wp-content\/uploads\/2026\/01\/Salle-repas-Begonia-225x300.jpg 225w, https:\/\/ameria-82.fr\/wp-content\/uploads\/2026\/01\/Salle-repas-Begonia-1152x1536.jpg 1152w, https:\/\/ameria-82.fr\/wp-content\/uploads\/2026\/01\/Salle-repas-Begonia-600x800.jpg 600w, https:\/\/ameria-82.fr\/wp-content\/uploads\/2026\/01\/Salle-repas-Begonia.jpg 1530w\" sizes=\"auto, (max-width: 768px) 100vw, 768px\" \/><\/figure>\n<\/figure>\n","protected":false},"excerpt":{"rendered":"<p>Location de salle et accueil des groupes Nous vous proposons 9 salles de capacit\u00e9s diff\u00e9rentes pouvant accueillir jusqu&rsquo;\u00e0 130 personnes : Salles enti\u00e8rement \u00e9quip\u00e9es d&rsquo;une solution multim\u00e9dia sans fil permettant la diffusion sur grand \u00e9cran ainsi que la r\u00e9alisation de&#8230; <\/p>\n<div class=\"readmore-section\"><a class=\"readmore-btn\" href=\"https:\/\/ameria-82.fr\/?page_id=116\">Continue reading <i class=\"fa fa-arrow-right\"><\/i><\/a><\/div>\n","protected":false},"author":1,"featured_media":0,"parent":0,"menu_order":3,"comment_status":"closed","ping_status":"closed","template":"","meta":{"footnotes":""},"class_list":["post-116","page","type-page","status-publish","hentry"],"publishpress_future_action":{"enabled":false,"date":"2026-04-22 20:16:10","action":"change-status","newStatus":"draft","terms":[],"taxonomy":"","extraData":[]},"publishpress_future_workflow_manual_trigger":{"enabledWorkflows":[]},"_links":{"self":[{"href":"https:\/\/ameria-82.fr\/index.php?rest_route=\/wp\/v2\/pages\/116","targetHints":{"allow":["GET"]}}],"collection":[{"href":"https:\/\/ameria-82.fr\/index.php?rest_route=\/wp\/v2\/pages"}],"about":[{"href":"https:\/\/ameria-82.fr\/index.php?rest_route=\/wp\/v2\/types\/page"}],"author":[{"embeddable":true,"href":"https:\/\/ameria-82.fr\/index.php?rest_route=\/wp\/v2\/users\/1"}],"replies":[{"embeddable":true,"href":"https:\/\/ameria-82.fr\/index.php?rest_route=%2Fwp%2Fv2%2Fcomments&post=116"}],"version-history":[{"count":21,"href":"https:\/\/ameria-82.fr\/index.php?rest_route=\/wp\/v2\/pages\/116\/revisions"}],"predecessor-version":[{"id":939,"href":"https:\/\/ameria-82.fr\/index.php?rest_route=\/wp\/v2\/pages\/116\/revisions\/939"}],"wp:attachment":[{"href":"https:\/\/ameria-82.fr\/index.php?rest_route=%2Fwp%2Fv2%2Fmedia&parent=116"}],"curies":[{"name":"wp","href":"https:\/\/api.w.org\/{rel}","templated":true}]}}